{"id":2119,"date":"2026-02-13T21:00:16","date_gmt":"2026-02-13T20:00:16","guid":{"rendered":"https:\/\/fijiband.ch\/?page_id=2119"},"modified":"2026-04-06T09:39:18","modified_gmt":"2026-04-06T07:39:18","slug":"shows-html","status":"publish","type":"page","link":"https:\/\/fijiband.ch\/?page_id=2119","title":{"rendered":"Shows"},"content":{"rendered":"\n<style>\n  .gig-table {\n    width: 100%;\n    border-collapse: collapse;\n    margin: 20px 0;\n    font-family: Arial, sans-serif;\n    background-color: transparent;\n    border: none;\n  }\n  .gig-table th, .gig-table td {\n    padding: 12px;\n    text-align: left;\n    border: none;\n  }\n  .gig-table tr {\n    border-bottom: 1px solid #000;\n  }\n  .gig-table a {\n    color: #000 !important;\n    text-decoration: none;\n  }\n  .gig-table a:hover {\n    text-decoration: underline;\n  }\n  .gig-info {\n    font-size: 0.9em;\n    color: #f4bab5;\n  }\n<\/style>\n\n<h2>Next Shows<\/h2>\n<table class=\"gig-table\">\n  <thead>\n    <tr>\n      <th>Datum<\/th>\n      <th>Ort<\/th>\n      <th>Veranstaltung<\/th>\n      <th>Land<\/th>\n      <th>Infos<\/th>\n    <\/tr>\n  <\/thead>\n  <tbody>\n\n    <tr>\n      <td>28\/05\/26<\/td>\n      <td>Bern<\/td>\n      <td>R\u00f6ssli Reitschule<\/td>\n      <td>CH<\/td>\n      <td class=\"gig-info\">\n        <strong>Showtime:<\/strong> 22:00<br>\n        <a href=\"https:\/\/www.petzi.ch\/de\/events\/62645-rossli-bar-verein-restaurant-sous-le-pont-fiji\/\" target=\"_blank\">Tickets<\/a>\n      <\/td>\n    <\/tr>\n    <tr>\n      <td>30\/05\/26<\/td>\n      <td>Z\u00fcrich<\/td>\n      <td>Helsinkiklub<\/td>\n      <td>CH<\/td>\n      <td class=\"gig-info\">\n        <strong>Showtime:<\/strong> TBA<br>\n        (The concert takes place outdoor)<br>\n        <a href=\"https:\/\/www.helsinkiklub.ch\/\" target=\"_blank\">Tickets<\/a>\n      <\/td>\n    <\/tr>\n  <\/tbody>\n<\/table>\n\n\n\n<style>\n  .gig-table {\n    width: 100%;\n    border-collapse: collapse;\n    margin: 20px 0;\n    font-family: Arial, sans-serif;\n    background-color: transparent;\n    border: none;\n  }\n  .gig-table th, .gig-table td {\n    padding: 12px;\n    text-align: left;\n    border: none;\n  }\n  .gig-table tr {\n    border-bottom: 1px solid #000;\n  }\n  .gig-table a {\n    color: #0066cc;\n    text-decoration: none;\n  }\n  .gig-table a:hover {\n    text-decoration: underline;\n  }\n<\/style>\n\n<h2>Shows 2026<\/h2>\n<table class=\"gig-table\">\n  <thead>\n    <tr>\n      <th>Datum<\/th>\n      <th>Ort<\/th>\n      <th>Veranstaltung<\/th>\n      <th>Land<\/th>\n    <\/tr>\n  <\/thead>\n  <tbody>\n    <tr><td>28\/03\/26<\/td><td>Biel\/Bienne<\/td><td>La Coupole<\/td><td>CH<\/td><\/tr>\n  \n  <\/tbody>\n<\/table>\n\n<h2>Shows 2025<\/h2>\n<table class=\"gig-table\">\n  <thead>\n    <tr>\n      <th>Datum<\/th>\n      <th>Ort<\/th>\n      <th>Veranstaltung<\/th>\n      <th>Land<\/th>\n    <\/tr>\n  <\/thead>\n  <tbody>\n    <tr><td>31\/12\/25<\/td><td>Bern<\/td><td>Heitere Fahne<\/td><td>CH<\/td>New year&#8217;s eve<\/tr>\n    <tr><td>20\/12\/25<\/td><td>Zofingen<\/td><td>Oxil<\/td><td>CH<\/td><\/tr>\n    <tr><td>06\/09\/25<\/td><td>Bern<\/td><td>Herzogstrassenfest<\/td><td>CH<\/td><\/tr>\n    <tr><td>12\/07\/25<\/td><td>Aarau<\/td><td>Sommerloch Openair<\/td><td>CH<\/td><\/tr>\n    <tr><td>28\/06\/25<\/td><td>Langnau im Emmental, Bern<\/td><td>Elite Openair<\/td><td>CH<\/td><\/tr>\n    <tr><td>20\/06\/25<\/td><td>Z\u00fcrich<\/td><td>Z\u00fcrich Pride<\/td><td>CH<\/td><\/tr>\n    <tr><td>07\/06\/25<\/td><td>Z\u00fcrich<\/td><td>Openair Heubod\u00e4<\/td><td>CH<\/td><\/tr>\n    <tr><td>26\/04\/25<\/td><td>Berlin<\/td><td>Kater Blau<\/td><td>DE<\/td><\/tr>\n    <tr><td>15\/03\/25<\/td><td>Z\u00fcrich<\/td><td>Opernhaus<\/td><td>CH<\/td><\/tr>\n    <tr><td>15\/02\/25<\/td><td>Basel<\/td><td>AufFall<\/td><td>CH<\/td><\/tr>\n    <tr><td>24\/01\/25<\/td><td>Winterthur<\/td><td>Lok.al<\/td><td>CH<\/td><\/tr>\n    <tr><td>04\/01\/25<\/td><td>Biel\/ Bienne<\/td><td>La Coupole<\/td><td>CH<\/td><\/tr>\n  <\/tbody>\n<\/table>\n\n<h2>Shows 2024<\/h2>\n<table class=\"gig-table\">\n  <thead>\n    <tr>\n      <th>Datum<\/th>\n      <th>Ort<\/th>\n      <th>Veranstaltung<\/th>\n      <th>Land<\/th>\n    <\/tr>\n  <\/thead>\n  <tbody>\n    <tr><td>10\/08\/24<\/td><td>Wernetshausen, Z\u00fcrich<\/td><td>Loreen OpenAir<\/td><td>CH<\/td><\/tr>\n    <tr><td>03\/08\/24<\/td><td>Bundesplatz, Bern<\/td><td>BernPride 2024<\/td><td>CH<\/td><\/tr>\n    <tr><td>04\/05\/24<\/td><td>Zofingen, Aargau<\/td><td>Oxil<\/td><td>CH<\/td><\/tr>\n    <tr><td>15\/03\/24<\/td><td>Bern<\/td><td>Museumsnacht<\/td><td>CH<\/td><\/tr>\n    <tr><td>01\/01\/24<\/td><td>Z\u00fcrich<\/td><td>Kaufleuten<\/td><td>CH<\/td><\/tr>\n  <\/tbody>\n<\/table>\n\n<h2>Shows 2023<\/h2>\n<table class=\"gig-table\">\n  <thead>\n    <tr>\n      <th>Datum<\/th>\n      <th>Ort<\/th>\n      <th>Veranstaltung<\/th>\n      <th>Land<\/th>\n    <\/tr>\n  <\/thead>\n  <tbody>\n    <tr><td>14\/01\/23<\/td><td>Bern<\/td><td>Du Nord<\/td><td>CH<\/td><\/tr>\n    <tr><td>25\/03\/23<\/td><td>Z\u00fcrich<\/td><td>Alte Kaserne<\/td><td>CH<\/td><\/tr>\n    <tr><td>25\/04\/23<\/td><td>Z\u00fcrich<\/td><td>Ol\u00e9 Ol\u00e9 Bar<\/td><td>CH<\/td><\/tr>\n    <tr><td>20\/05\/23<\/td><td>Bern<\/td><td>Heitere Fahne<\/td><td>CH<\/td><\/tr>\n    <tr><td>30\/06\/23<\/td><td>N\u00e4nikon<\/td><td>Konkret Festival<\/td><td>CH<\/td><\/tr>\n    <tr><td>18\/08\/23<\/td><td>Schaffhausen<\/td><td>Rhybadi Schaffhausen<\/td><td>CH<\/td><\/tr>\n    <tr><td>01\/09\/23<\/td><td>Konolfingen<\/td><td>Cheer<\/td><td>CH<\/td><\/tr>\n    <tr><td>16\/09\/23<\/td><td>Karlsruhe<\/td><td>Kohi<\/td><td>DE<\/td><\/tr>\n    <tr><td>23\/09\/23<\/td><td>Zofingen, Aargau<\/td><td>Oxil<\/td><td>CH<\/td><\/tr>\n    <tr><td>03\/11\/23<\/td><td>Bern<\/td><td>Graffiti<\/td><td>CH<\/td><\/tr>\n    <tr><td>04\/11\/23<\/td><td>Bern<\/td><td>Kornhausforum<\/td><td>CH<\/td><\/tr>\n  <\/tbody>\n<\/table>\n\n<h2>Shows 2022<\/h2>\n<table class=\"gig-table\">\n  <thead>\n    <tr>\n      <th>Datum<\/th>\n      <th>Ort<\/th>\n      <th>Veranstaltung<\/th>\n      <th>Land<\/th>\n    <\/tr>\n  <\/thead>\n  <tbody>\n    <tr><td>20\/08\/22<\/td><td>Birr, Aargau<\/td><td>Eigef\u00e4scht<\/td><td>CH<\/td><\/tr>\n    <tr><td>12\/08\/22<\/td><td>Mittelh\u00e4usern, Bern<\/td><td>Sommerwoche<\/td><td>CH<\/td><\/tr>\n    <tr><td>03\/08\/22<\/td><td>Locarno<\/td><td>Rotonda by la Mobiliare Locarno Film Festival<\/td><td>CH<\/td><\/tr>\n    <tr><td>04\/06\/22<\/td><td>Chur, Graub\u00fcnden<\/td><td>Khur Pride<\/td><td>CH<\/td><\/tr>\n  <\/tbody>\n<\/table>\n\n<h2>Shows 2021<\/h2>\n<table class=\"gig-table\">\n  <thead>\n    <tr>\n      <th>Datum<\/th>\n      <th>Ort<\/th>\n      <th>Veranstaltung<\/th>\n      <th>Land<\/th>\n    <\/tr>\n  <\/thead>\n  <tbody>\n    <tr><td>06\/11\/21<\/td><td>Oberentfelden<\/td><td>B\u00f6r\u00f6m p\u00f6m p\u00f6m<\/td><td>CH<\/td><\/tr>\n    <tr><td>05\/11\/21<\/td><td>Bern<\/td><td>Kapitel<\/td><td>CH<\/td><\/tr>\n    <tr><td>28\/08\/21<\/td><td>Bern<\/td><td>Festival am Waldrand<\/td><td>CH<\/td><\/tr>\n    <tr><td>20\/02\/21<\/td><td>Oberentfelden<\/td><td>B\u00f6r\u00f6m p\u00f6m p\u00f6m<\/td><td>CH<\/td><\/tr>\n  <\/tbody>\n<\/table>\n\n<h2>Shows 2020<\/h2>\n<table class=\"gig-table\">\n  <thead>\n    <tr>\n      <th>Datum<\/th>\n      <th>Ort<\/th>\n      <th>Veranstaltung<\/th>\n      <th>Land<\/th>\n    <\/tr>\n  <\/thead>\n  <tbody>\n    <tr><td>17\/10\/20<\/td><td>Mels<\/td><td>Altes Kino Mels<\/td><td>CH<\/td><\/tr>\n    <tr><td>16\/10\/20<\/td><td>Z\u00fcrich<\/td><td>Bogen F<\/td><td>CH<\/td><\/tr>\n    <tr><td>15\/10\/20<\/td><td>Basel<\/td><td>Restaurant Atlantis<\/td><td>CH<\/td><\/tr>\n    <tr><td>14\/10\/20<\/td><td>Solothurn<\/td><td>Kofmehl<\/td><td>CH<\/td><\/tr>\n    <tr><td>14\/02\/20<\/td><td>Bern<\/td><td>Heitere Fahne<\/td><td>CH<\/td><\/tr>\n  <\/tbody>\n<\/table>\n\n<h2>Shows 2019<\/h2>\n<table class=\"gig-table\">\n  <thead>\n    <tr>\n      <th>Datum<\/th>\n      <th>Ort<\/th>\n      <th>Veranstaltung<\/th>\n      <th>Land<\/th>\n    <\/tr>\n  <\/thead>\n  <tbody>\n    <tr><td>22\/11\/19<\/td><td>Karlsruhe<\/td><td>Kohi<\/td><td>DE<\/td><\/tr>\n    <tr><td>15\/11\/19<\/td><td>Emmenbr\u00fccke, Luzern<\/td><td>Sedel<\/td><td>CH<\/td><\/tr>\n    <tr><td>11\/10\/19<\/td><td>Z\u00fcrich<\/td><td>Hive<\/td><td>CH<\/td><\/tr>\n    <tr><td>09\/08\/19<\/td><td>Locarno<\/td><td>La Mobiliare Locarno Film Festival<\/td><td>CH<\/td><\/tr>\n    <tr><td>26\/07\/19<\/td><td>Thun<\/td><td>Am Schluss<\/td><td>CH<\/td><\/tr>\n    <tr><td>29\/06\/19<\/td><td>Riehen, Basel<\/td><td>Openair Festival HillChill<\/td><td>CH<\/td><\/tr>\n    <tr><td>06\/06\/19<\/td><td>Bern<\/td><td>Kapitel<\/td><td>CH<\/td><\/tr>\n    <tr><td>25\/05\/19<\/td><td>Locarno<\/td><td>Notte bianca di Locarno<\/td><td>CH<\/td><\/tr>\n    <tr><td>03\/05\/19<\/td><td>Langenthal<\/td><td>Chr\u00e4merhuus<\/td><td>CH<\/td><\/tr>\n    <tr><td>06\/04\/19<\/td><td>Bern<\/td><td>Turnhalle Progr<\/td><td>CH<\/td><\/tr>\n    <tr><td>08\/03\/19<\/td><td>Z\u00fcrich<\/td><td>Helsinki<\/td><td>CH<\/td><\/tr>\n    <tr><td>23\/02\/19<\/td><td>Rubigen b.Bern<\/td><td>M\u00fchle Hunziken<\/td><td>CH<\/td><\/tr>\n  <\/tbody>\n<\/table>\n\n<h2>Shows 2018<\/h2>\n<table class=\"gig-table\">\n  <thead>\n    <tr>\n      <th>Datum<\/th>\n      <th>Ort<\/th>\n      <th>Veranstaltung<\/th>\n      <th>Land<\/th>\n    <\/tr>\n  <\/thead>\n  <tbody>\n    <tr><td>27\/09\/18<\/td><td>Biel\/Bienne<\/td><td>Le Singe<\/td><td>CH<\/td><\/tr>\n    <tr><td>14\/09\/18<\/td><td>Flums<\/td><td>Eine Nacht im Bergwerk<\/td><td>CH<\/td><\/tr>\n    <tr><td>12\/07\/18<\/td><td>Bern<\/td><td>Gugus Gurte<\/td><td>CH<\/td><\/tr>\n    <tr><td>03\/05\/18<\/td><td>Bern<\/td><td>ISC Bern<\/td><td>CH<\/td><\/tr>\n    <tr><td>17\/01\/18<\/td><td>Thun<\/td><td>Mokka<\/td><td>CH<\/td><\/tr>\n  <\/tbody>\n<\/table>\n\n<h2>Shows 2017<\/h2>\n<table class=\"gig-table\">\n  <thead>\n    <tr>\n      <th>Datum<\/th>\n      <th>Ort<\/th>\n      <th>Veranstaltung<\/th>\n      <th>Land<\/th>\n    <\/tr>\n  <\/thead>\n  <tbody>\n    <tr><td>21\/10\/17<\/td><td>Olten<\/td><td>Variobar<\/td><td>CH<\/td><\/tr>\n    <tr><td>22\/09\/17<\/td><td>Karlsruhe<\/td><td>Kohi<\/td><td>DE<\/td><\/tr>\n    <tr><td>26\/08\/17<\/td><td>Bern<\/td><td>Pride ouest<\/td><td>CH<\/td><\/tr>\n    <tr><td>17\/08\/17<\/td><td>Airport Amougies<\/td><td>W-Festival<\/td><td>BE<\/td><\/tr>\n    <tr><td>29\/04\/17<\/td><td>St.Gallen<\/td><td>Honky Tonk<\/td><td>CH<\/td><\/tr>\n    <tr><td>14\/04\/17<\/td><td>ZH<\/td><td>X-TRA Schwarze Ball<\/td><td>CH<\/td><\/tr>\n    <tr><td>16\/03\/17<\/td><td>Bern<\/td><td>Museumsnacht<\/td><td>CH<\/td><\/tr>\n  <\/tbody>\n<\/table>\n\n<h2>Shows 2016<\/h2>\n<table class=\"gig-table\">\n  <thead>\n    <tr>\n      <th>Datum<\/th>\n      <th>Ort<\/th>\n      <th>Veranstaltung<\/th>\n      <th>Land<\/th>\n    <\/tr>\n  <\/thead>\n  <tbody>\n    <tr><td>24\/09\/16<\/td><td>Langnau i.E<\/td><td>Kaptn\u2019holger<\/td><td>CH<\/td><\/tr>\n    <tr><td>19\/08\/16<\/td><td>Bern<\/td><td>Stadtfest<\/td><td>CH<\/td><\/tr>\n    <tr><td>06\/08\/16<\/td><td>Locarno<\/td><td>la Rotonda Film festival Locarno<\/td><td>CH<\/td><\/tr>\n    <tr><td>16\/07\/16<\/td><td>Bern<\/td><td>Gugus Gurte<\/td><td>CH<\/td><\/tr>\n    <tr><td>01\/07\/16<\/td><td>Aarau<\/td><td>Chrutw\u00e4je Openair<\/td><td>CH<\/td><\/tr>\n    <tr><td>25\/06\/16<\/td><td>Fribourg<\/td><td>PRIDE<\/td><td>CH<\/td><\/tr>\n    <tr><td>30\/04\/16<\/td><td>Bern<\/td><td>Theater National<\/td><td>CH<\/td><\/tr>\n    <tr><td>08\/04\/16<\/td><td>Luzern<\/td><td>Treibhaus<\/td><td>CH<\/td><\/tr>\n    <tr><td>12\/03\/16<\/td><td>Bern<\/td><td>Dachstock Save the Rave!<\/td><td>CH<\/td><\/tr>\n    <tr><td>05\/02\/16<\/td><td>Bern<\/td><td>Bar der toten Tiere<\/td><td>CH<\/td><\/tr>\n    <tr><td>01\/01\/16<\/td><td>Z\u00fcrich<\/td><td>Frau Gerold\u2019s Wintergarten<\/td><td>CH<\/td><\/tr>\n  <\/tbody>\n<\/table>\n\n<h2>Shows 2015<\/h2>\n<table class=\"gig-table\">\n  <thead>\n    <tr>\n      <th>Datum<\/th>\n      <th>Ort<\/th>\n      <th>Veranstaltung<\/th>\n      <th>Land<\/th>\n    <\/tr>\n  <\/thead>\n  <tbody>\n    <tr><td>31\/12\/15<\/td><td>Bern<\/td><td>Brass<\/td><td>CH<\/td><\/tr>\n    <tr><td>18\/12\/15<\/td><td>Z\u00fcrich<\/td><td>Stall 6 w Pollyester<\/td><td>CH<\/td><\/tr>\n    <tr><td>12\/12\/15<\/td><td>Bern<\/td><td>Henris<\/td><td>CH<\/td><\/tr>\n    <tr><td>06\/11\/15<\/td><td>Thun<\/td><td>Cafe Bar Mokka<\/td><td>CH<\/td><\/tr>\n    <tr><td>31\/10\/15<\/td><td>Milano<\/td><td>Swiss pavillion Expo Milano<\/td><td>IT<\/td><\/tr>\n    <tr><td>19\/09\/15<\/td><td>Bern<\/td><td>Henris<\/td><td>CH<\/td><\/tr>\n    <tr><td>27\/08\/15<\/td><td>Milano<\/td><td>Swiss pavillion Expo Milano<\/td><td>IT<\/td><\/tr>\n    <tr><td>22\/08\/15<\/td><td>Bern<\/td><td>Gaskessel<\/td><td>CH<\/td><\/tr>\n    <tr><td>12\/06\/15<\/td><td>Bern<\/td><td>GenerationenHaus<\/td><td>CH<\/td><\/tr>\n    <tr><td>09\/05\/15<\/td><td>Bern<\/td><td>Gaskessel<\/td><td>CH<\/td><\/tr>\n    <tr><td>28\/04\/15<\/td><td>Bern<\/td><td>Henris<\/td><td>CH<\/td><\/tr>\n    <tr><td>03\/04\/15<\/td><td>Biel\/Bienne<\/td><td>Restaurant Les Caves<\/td><td>CH<\/td><\/tr>\n  <\/tbody>\n<\/table>\n\n<h2>Shows 2014<\/h2>\n<table class=\"gig-table\">\n  <thead>\n    <tr>\n      <th>Datum<\/th>\n      <th>Ort<\/th>\n      <th>Veranstaltung<\/th>\n      <th>Land<\/th>\n    <\/tr>\n  <\/thead>\n  <tbody>\n    <tr><td>05\/04\/14<\/td><td>Bern<\/td><td>Heitere Fahne<\/td><td>CH<\/td><\/tr>\n  <\/tbody>\n<\/table>\n\n<h2>Shows 2013<\/h2>\n<table class=\"gig-table\">\n  <thead>\n    <tr>\n      <th>Datum<\/th>\n      <th>Ort<\/th>\n      <th>Veranstaltung<\/th>\n      <th>Land<\/th>\n    <\/tr>\n  <\/thead>\n  <tbody>\n    <tr><td>27\/10\/13<\/td><td>Bern<\/td><td>ISC<\/td><td>CH<\/td><\/tr>\n    <tr><td>27\/09\/13<\/td><td>Z\u00fcrich<\/td><td>Kaufleuten MTV Party<\/td><td>CH<\/td><\/tr>\n    <tr><td>20\/09\/13<\/td><td>Thun<\/td><td>Mokka<\/td><td>CH<\/td><\/tr>\n    <tr><td>14\/09\/13<\/td><td>LUZERN<\/td><td>GL\u00dcCKLICH FESTIVAL<\/td><td>CH<\/td><\/tr>\n    <tr><td>11\/08\/13<\/td><td>Locarno<\/td><td>Rotonda del Pardo Film Festival<\/td><td>CH<\/td><\/tr>\n    <tr><td>10\/08\/13<\/td><td>Locarno<\/td><td>Rotonda del Pardo Film Festival<\/td><td>CH<\/td><\/tr>\n    <tr><td>09\/08\/13<\/td><td>Lichtensteig<\/td><td>Jazztage<\/td><td>CH<\/td><\/tr>\n    <tr><td>07\/08\/13<\/td><td>Locarno<\/td><td>Rotonda del Pardo Film Festival<\/td><td>CH<\/td><\/tr>\n    <tr><td>27\/07\/13<\/td><td>Menziken<\/td><td>Mutterschiff Openair<\/td><td>CH<\/td><\/tr>\n    <tr><td>13\/07\/13<\/td><td>Lenzburg<\/td><td>MetschgPlatsch Openair<\/td><td>CH<\/td><\/tr>\n    <tr><td>04\/07\/13<\/td><td>Waldh\u00e4usern<\/td><td>Woodrock<\/td><td>CH<\/td><\/tr>\n    <tr><td>21\/06\/13<\/td><td>Lausanne<\/td><td>F\u00eate de la Musique<\/td><td>CH<\/td><\/tr>\n    <tr><td>03\/05\/13<\/td><td>Z\u00fcrich<\/td><td>Exil<\/td><td>CH<\/td><\/tr>\n    <tr><td>09\/03\/13<\/td><td>Pratteln<\/td><td>Z7 Konzertfabrik w D.A.F<\/td><td>CH<\/td><\/tr>\n    <tr><td>08\/03\/13<\/td><td>Bern<\/td><td>Frauenraum Reitschule<\/td><td>CH<\/td><\/tr>\n    <tr><td>01\/03\/13<\/td><td>Baden<\/td><td>Merkker<\/td><td>CH<\/td><\/tr>\n  <\/tbody>\n<\/table>\n\n<h2>Shows 2012<\/h2>\n<table class=\"gig-table\">\n  <thead>\n    <tr>\n      <th>Datum<\/th>\n      <th>Ort<\/th>\n      <th>Veranstaltung<\/th>\n      <th>Land<\/th>\n    <\/tr>\n  <\/thead>\n  <tbody>\n    <tr><td>23\/11\/12<\/td><td>Wetzikon<\/td><td>Kulturfabrik<\/td><td>CH<\/td><\/tr>\n    <tr><td>20\/09\/12<\/td><td>Z\u00fcrich<\/td><td>Film Festival opening ceremony<\/td><td>CH<\/td><\/tr>\n    <tr><td>15\/09\/12<\/td><td>Karlsruhe<\/td><td>Kohi Kulturraum<\/td><td>DE<\/td><\/tr>\n    <tr><td>01\/09\/12<\/td><td>Z\u00fcrich<\/td><td>Vorplatz Landesmuseum<\/td><td>CH<\/td><\/tr>\n    <tr><td>29\/08\/12<\/td><td>Z\u00fcrich<\/td><td>Kaufleuten w Filewile<\/td><td>CH<\/td><\/tr>\n    <tr><td>22\/06\/12<\/td><td>Bern<\/td><td>Frauenraum Reitschule<\/td><td>CH<\/td><\/tr>\n    <tr><td>25\/05\/12<\/td><td>Z\u00fcrich<\/td><td>Hive<\/td><td>CH<\/td><\/tr>\n    <tr><td>24\/05\/12<\/td><td>Winterthur<\/td><td>Albani<\/td><td>CH<\/td><\/tr>\n    <tr><td>19\/05\/12<\/td><td>Aarau<\/td><td>KIFF<\/td><td>CH<\/td><\/tr>\n    <tr><td>04\/05\/12<\/td><td>Lausanne<\/td><td>Les Docks w Belleruche<\/td><td>CH<\/td><\/tr>\n    <tr><td>21\/04\/12<\/td><td>Z\u00fcrich<\/td><td>Helsinkiklub<\/td><td>CH<\/td><\/tr>\n    <tr><td>06\/04\/12<\/td><td>Bern<\/td><td>Electroscope Festival w Kosheen<\/td><td>CH<\/td><\/tr>\n  <\/tbody>\n<\/table>\n\n<h2>Shows 2011<\/h2>\n<table class=\"gig-table\">\n  <thead>\n    <tr>\n      <th>Datum<\/th>\n      <th>Ort<\/th>\n      <th>Veranstaltung<\/th>\n      <th>Land<\/th>\n    <\/tr>\n  <\/thead>\n  <tbody>\n    <tr><td>29\/12\/11<\/td><td>Luzern<\/td><td>Sch\u00fc\u00fcr w Filewile<\/td><td>CH<\/td><\/tr>\n    <tr><td>17\/12\/11<\/td><td>Bern<\/td><td>Sous-soul<\/td><td>CH<\/td><\/tr>\n    <tr><td>08\/12\/11<\/td><td>Z\u00fcrich<\/td><td>G Star shop in-store gig<\/td><td>CH<\/td><\/tr>\n    <tr><td>03\/12\/11<\/td><td>Brig<\/td><td>Perron 1<\/td><td>CH<\/td><\/tr>\n    <tr><td>02\/12\/11<\/td><td>Bern<\/td><td>Turnhalle Progr<\/td><td>CH<\/td><\/tr>\n    <tr><td>18\/11\/11<\/td><td>Biel<\/td><td>\u00e9tage<\/td><td>CH<\/td><\/tr>\n    <tr><td>15\/10\/11<\/td><td>Aarau<\/td><td>Rolling Rock\/Je t\u2019aime Bar w Stereo total<\/td><td>CH<\/td><\/tr>\n    <tr><td>20\/08\/11<\/td><td>Sigriswil<\/td><td>Vision Festival<\/td><td>CH<\/td><\/tr>\n    <tr><td>13\/08\/11<\/td><td>Ascona<\/td><td>Lido<\/td><td>CH<\/td><\/tr>\n    <tr><td>09\/07\/11<\/td><td>St Gallen<\/td><td>Grabenhalle<\/td><td>CH<\/td><\/tr>\n    <tr><td>31\/03\/11<\/td><td>Bern<\/td><td>Chop records<\/td><td>CH<\/td><\/tr>\n    <tr><td>25\/03\/11<\/td><td>Gen\u00e8ve<\/td><td>Le M\u00e0d<\/td><td>CH<\/td><\/tr>\n  <\/tbody>\n<\/table>\n\n<h2>Shows 2010<\/h2>\n<table class=\"gig-table\">\n  <thead>\n    <tr>\n      <th>Datum<\/th>\n      <th>Ort<\/th>\n      <th>Veranstaltung<\/th>\n      <th>Land<\/th>\n    <\/tr>\n  <\/thead>\n  <tbody>\n    <tr><td>11\/12\/10<\/td><td>Zofingen<\/td><td>Oxx<\/td><td>CH<\/td><\/tr>\n    <tr><td>27\/11\/10<\/td><td>Herisau<\/td><td>Nordtrakt<\/td><td>CH<\/td><\/tr>\n    <tr><td>26\/11\/10<\/td><td>Steinegg Appenzell<\/td><td>Restaurant Schl\u00f6ssli<\/td><td>CH<\/td><\/tr>\n    <tr><td>05\/11\/10<\/td><td>Aarau<\/td><td>Fl\u00f6sserplatz<\/td><td>CH<\/td><\/tr>\n    <tr><td>23\/10\/10<\/td><td>Karlsruhe<\/td><td>Kohi<\/td><td>DE<\/td><\/tr>\n    <tr><td>22\/10\/10<\/td><td>Karlsruhe<\/td><td>Kohi<\/td><td>DE<\/td><\/tr>\n    <tr><td>10\/10\/10<\/td><td>Lausanne<\/td><td>Les Docks w Goldfrapp cancelled<\/td><td>CH<\/td><\/tr>\n    <tr><td>05\/10\/10<\/td><td>Z\u00fcrich<\/td><td>X-TRA w Goldfrapp<\/td><td>CH<\/td><\/tr>\n    <tr><td>09\/09\/10<\/td><td><\/td><td>Private<\/td><td>CH<\/td><\/tr>\n    <tr><td>03\/09\/10<\/td><td>Luzern<\/td><td>Casineum<\/td><td>CH<\/td><\/tr>\n    <tr><td>27\/08\/10<\/td><td>Apenzell<\/td><td>Clanx Festival<\/td><td>CH<\/td><\/tr>\n    <tr><td>16\/07\/10<\/td><td>Fribourg<\/td><td>Jazz Parade<\/td><td>CH<\/td><\/tr>\n    <tr><td>02\/07\/10<\/td><td>Aarau<\/td><td>Chrutw\u00e4je Openair<\/td><td>CH<\/td><\/tr>\n    <tr><td>26\/06\/10<\/td><td>Z\u00fcrich<\/td><td>Openair Wipkingen<\/td><td>CH<\/td><\/tr>\n    <tr><td>14\/05\/10<\/td><td>Z\u00fcrich<\/td><td>Exil<\/td><td>CH<\/td><\/tr>\n    <tr><td>30\/04\/10<\/td><td>Bern<\/td><td>ONO<\/td><td>CH<\/td><\/tr>\n    <tr><td>28\/04\/10<\/td><td>Lausanne<\/td><td>D! Club<\/td><td>CH<\/td><\/tr>\n    <tr><td>05\/03\/10<\/td><td>Solothurn<\/td><td>Kofmehl<\/td><td>CH<\/td><\/tr>\n    <tr><td>26\/02\/10<\/td><td>Yverdon les bains<\/td><td>Citrons masqu\u00e9s<\/td><td>CH<\/td><\/tr>\n    <tr><td>25\/02\/10<\/td><td>Z\u00fcrich<\/td><td>Hive<\/td><td>CH<\/td><\/tr>\n    <tr><td>19\/02\/10<\/td><td>Bern<\/td><td>Sous Soul<\/td><td>CH<\/td><\/tr>\n    <tr><td>16\/01\/10<\/td><td>St.Gallen<\/td><td>Grabenhalle<\/td><td>CH<\/td><\/tr>\n    <tr><td>02\/01\/10<\/td><td>Z\u00fcrich<\/td><td>Moods<\/td><td>CH<\/td><\/tr>\n  <\/tbody>\n<\/table>\n\n<h2>Shows 2009<\/h2>\n<table class=\"gig-table\">\n  <thead>\n    <tr>\n      <th>Datum<\/th>\n      <th>Ort<\/th>\n      <th>Veranstaltung<\/th>\n      <th>Land<\/th>\n    <\/tr>\n  <\/thead>\n  <tbody>\n    <tr><td>31\/12\/09<\/td><td>K\u00f6niz bei Bern<\/td><td>Vidmar Halle<\/td><td>CH<\/td><\/tr>\n    <tr><td>26\/12\/09<\/td><td>Nyon<\/td><td>La Parenth\u00e8se<\/td><td>CH<\/td><\/tr>\n    <tr><td>19\/12\/09<\/td><td>Luzern<\/td><td>Bar 59<\/td><td>CH<\/td><\/tr>\n    <tr><td>05\/12\/09<\/td><td>Z\u00fcrich<\/td><td>CasaBar<\/td><td>CH<\/td><\/tr>\n    <tr><td>20\/11\/09<\/td><td>T\u00fcbingen<\/td><td>Epple Haus<\/td><td>DE<\/td><\/tr>\n    <tr><td>06\/11\/09<\/td><td>Paris<\/td><td>Yono<\/td><td>FR<\/td><\/tr>\n    <tr><td>28\/10\/09<\/td><td>Fribourg<\/td><td>Fri-Son<\/td><td>CH<\/td><\/tr>\n    <tr><td>24\/10\/09<\/td><td>Karlsruhe<\/td><td>Kohi<\/td><td>DE<\/td><\/tr>\n    <tr><td>23\/10\/09<\/td><td>Karlsruhe<\/td><td>Kohi<\/td><td>DE<\/td><\/tr>\n    <tr><td>16\/10\/09<\/td><td>Neuch\u00e2tel<\/td><td>Bar King<\/td><td>CH<\/td><\/tr>\n    <tr><td>09\/10\/09<\/td><td>Aarau<\/td><td>KIFF<\/td><td>CH<\/td><\/tr>\n    <tr><td>26\/09\/09<\/td><td>Biel\/Bienne<\/td><td>Etage Saint Gervais<\/td><td>CH<\/td><\/tr>\n    <tr><td>20\/09\/09<\/td><td>Z\u00fcrich<\/td><td>Mascotte<\/td><td>CH<\/td><\/tr>\n    <tr><td>18\/09\/09<\/td><td>Rubigen b.Bern<\/td><td>Muehle Hunziken<\/td><td>CH<\/td><\/tr>\n    <tr><td>12\/09\/09<\/td><td>Fribourg<\/td><td>Elvis et moi<\/td><td>CH<\/td><\/tr>\n    <tr><td>11\/09\/09<\/td><td>Luzern<\/td><td>Casineum<\/td><td>CH<\/td><\/tr>\n  <\/tbody>\n<\/table>\n\n<h2>Shows 2008<\/h2>\n<table class=\"gig-table\">\n  <thead>\n    <tr>\n      <th>Datum<\/th>\n      <th>Ort<\/th>\n      <th>Veranstaltung<\/th>\n      <th>Land<\/th>\n    <\/tr>\n  <\/thead>\n  <tbody>\n    <tr><td>25\/12\/08<\/td><td>Bern<\/td><td>Kornhausforum<\/td><td>CH<\/td><\/tr>\n    <tr><td>29\/11\/08<\/td><td>Z\u00fcrich<\/td><td>Rohstofflager<\/td><td>CH<\/td><\/tr>\n    <tr><td>07\/11\/08<\/td><td>Lausanne<\/td><td>Les Docks w Micky Green<\/td><td>CH<\/td><\/tr>\n    <tr><td>31\/10\/08<\/td><td>Luzern<\/td><td>Casineum<\/td><td>CH<\/td><\/tr>\n    <tr><td>20\/09\/08<\/td><td>Lausanne<\/td><td>M2 Label Suisse<\/td><td>CH<\/td><\/tr>\n    <tr><td>19\/09\/08<\/td><td>Bern<\/td><td>Ben\u2019s Atelier<\/td><td>CH<\/td><\/tr>\n    <tr><td>21\/08\/08<\/td><td>Z\u00fcrich<\/td><td>Kaufleuten<\/td><td>CH<\/td><\/tr>\n    <tr><td>10\/07\/08<\/td><td>St.Gallen<\/td><td>Kulturfestival<\/td><td>CH<\/td><\/tr>\n    <tr><td>08\/07\/08<\/td><td>Montreux<\/td><td>Montreux Jazzfestival w Santigold and Madness<\/td><td>CH<\/td><\/tr>\n    <tr><td>05\/07\/08<\/td><td>Langnau i.E<\/td><td>Woodrock Openair<\/td><td>CH<\/td><\/tr>\n    <tr><td>04\/07\/08<\/td><td>Aarau<\/td><td>Chrutwaeje Openair<\/td><td>CH<\/td><\/tr>\n    <tr><td>28\/06\/08<\/td><td>Brissago<\/td><td>Centro Dannemann<\/td><td>CH<\/td><\/tr>\n    <tr><td>25\/06\/08<\/td><td>Z\u00fcrich<\/td><td>Barfussbar<\/td><td>CH<\/td><\/tr>\n    <tr><td>21\/06\/08<\/td><td>Karlsruhe<\/td><td>Werderplatz Stadt geburi<\/td><td>DE<\/td><\/tr>\n    <tr><td>20\/06\/08<\/td><td>Neuch\u00e2tel<\/td><td>F\u00eate de la musique<\/td><td>CH<\/td><\/tr>\n    <tr><td>14\/06\/08<\/td><td>Herisau<\/td><td>Openair Herisau<\/td><td>CH<\/td><\/tr>\n    <tr><td>13\/06\/08<\/td><td>Bern<\/td><td>Waisenhausplatz Euro 08<\/td><td>CH<\/td><\/tr>\n    <tr><td>31\/05\/08<\/td><td>Z\u00fcrich<\/td><td>Stolze Openair<\/td><td>CH<\/td><\/tr>\n    <tr><td>24\/05\/08<\/td><td>Yverdon<\/td><td>Citrons Masqu\u00e9s<\/td><td>CH<\/td><\/tr>\n    <tr><td>23\/05\/08<\/td><td>Metz<\/td><td>L\u2019emile vache<\/td><td>FR<\/td><\/tr>\n    <tr><td>16\/05\/08<\/td><td>Bern<\/td><td>Sous Soul<\/td><td>CH<\/td><\/tr>\n    <tr><td>15\/05\/08<\/td><td>Z\u00fcrich<\/td><td>Hive<\/td><td>CH<\/td><\/tr>\n    <tr><td>03\/05\/08<\/td><td>Wien<\/td><td>Imagine Festival Swiss beach<\/td><td>AT<\/td><\/tr>\n    <tr><td>05\/04\/08<\/td><td>Fribourg<\/td><td>Elvis et moi<\/td><td>CH<\/td><\/tr>\n    <tr><td>04\/04\/08<\/td><td>M\u00fcnchen<\/td><td>Muffathalle<\/td><td>DE<\/td><\/tr>\n    <tr><td>29\/03\/08<\/td><td>Bern<\/td><td>Haberb\u00fchne<\/td><td>CH<\/td><\/tr>\n    <tr><td>21\/03\/08<\/td><td>Biel<\/td><td>St.Gervais<\/td><td>CH<\/td><\/tr>\n    <tr><td>20\/03\/08<\/td><td>Vevey<\/td><td>Cafe le V\u00e8me<\/td><td>CH<\/td><\/tr>\n    <tr><td>16\/02\/08<\/td><td>Rubigen<\/td><td>Muehle Hunziken<\/td><td>CH<\/td><\/tr>\n    <tr><td>15\/02\/08<\/td><td>Z\u00fcrich<\/td><td>Helsinki<\/td><td>CH<\/td><\/tr>\n    <tr><td>09\/02\/08<\/td><td>Karlsruhe<\/td><td>Kohi<\/td><td>DE<\/td><\/tr>\n    <tr><td>08\/02\/08<\/td><td>T\u00fcbingen<\/td><td>Epplehaus<\/td><td>DE<\/td><\/tr>\n    <tr><td>07\/02\/08<\/td><td>Berlin<\/td><td>Zur Moebelfabrik<\/td><td>DE<\/td><\/tr>\n    <tr><td>02\/02\/08<\/td><td>Berlin<\/td><td>Mokum<\/td><td>DE<\/td><\/tr>\n    <tr><td>01\/02\/08<\/td><td>Hamburg<\/td><td>Kukuun<\/td><td>DE<\/td><\/tr>\n    <tr><td>31\/01\/08<\/td><td>Berlin<\/td><td>Intersoup<\/td><td>DE<\/td><\/tr>\n    <tr><td>30\/01\/08<\/td><td>Leipzig<\/td><td>Noch besser Leben<\/td><td>DE<\/td><\/tr>\n    <tr><td>25\/01\/08<\/td><td>Berlin<\/td><td>Antjeoeklesund<\/td><td>DE<\/td><\/tr>\n    <tr><td>05\/01\/08<\/td><td>Basel<\/td><td>Nordstern<\/td><td>CH<\/td><\/tr>\n  <\/tbody>\n<\/table>\n\n\n\n<p><\/p>\n","protected":false},"excerpt":{"rendered":"<p>Next Shows Datum Ort Veranstaltung Land Infos 28\/05\/26 Bern R\u00f6ssli Reitschule CH Showtime: 22:00 Tickets 30\/05\/26 Z\u00fcrich Helsinkiklub CH Showtime: TBA (The concert takes place outdoor) Tickets Shows 2026 Datum Ort Veranstaltung Land 28\/03\/26 Biel\/Bienne La Coupole CH Shows 2025 Datum Ort Veranstaltung Land 31\/12\/25 Bern Heitere Fahne CH New year&#8217;s eve 20\/12\/25 Zofingen Oxil &hellip; <\/p>\n<p class=\"link-more\"><a href=\"https:\/\/fijiband.ch\/?page_id=2119\" class=\"more-link\">Continue reading<span class=\"screen-reader-text\"> &#8220;Shows&#8221;<\/span><\/a><\/p>\n","protected":false},"author":1,"featured_media":0,"parent":0,"menu_order":0,"comment_status":"closed","ping_status":"closed","template":"","meta":{"two_page_speed":[],"footnotes":""},"class_list":["post-2119","page","type-page","status-publish","hentry"],"jetpack_sharing_enabled":true,"_links":{"self":[{"href":"https:\/\/fijiband.ch\/index.php?rest_route=\/wp\/v2\/pages\/2119","targetHints":{"allow":["GET"]}}],"collection":[{"href":"https:\/\/fijiband.ch\/index.php?rest_route=\/wp\/v2\/pages"}],"about":[{"href":"https:\/\/fijiband.ch\/index.php?rest_route=\/wp\/v2\/types\/page"}],"author":[{"embeddable":true,"href":"https:\/\/fijiband.ch\/index.php?rest_route=\/wp\/v2\/users\/1"}],"replies":[{"embeddable":true,"href":"https:\/\/fijiband.ch\/index.php?rest_route=%2Fwp%2Fv2%2Fcomments&post=2119"}],"version-history":[{"count":23,"href":"https:\/\/fijiband.ch\/index.php?rest_route=\/wp\/v2\/pages\/2119\/revisions"}],"predecessor-version":[{"id":2214,"href":"https:\/\/fijiband.ch\/index.php?rest_route=\/wp\/v2\/pages\/2119\/revisions\/2214"}],"wp:attachment":[{"href":"https:\/\/fijiband.ch\/index.php?rest_route=%2Fwp%2Fv2%2Fmedia&parent=2119"}],"curies":[{"name":"wp","href":"https:\/\/api.w.org\/{rel}","templated":true}]}}